{"id":16625,"date":"2017-02-22T14:34:21","date_gmt":"2017-02-22T13:34:21","guid":{"rendered":"http:\/\/dicentia.dk\/?page_id=16625"},"modified":"2017-02-22T14:34:21","modified_gmt":"2017-02-22T13:34:21","slug":"skabelon-info","status":"publish","type":"page","link":"https:\/\/dicentia.dk\/da\/skabeloner\/skabelon-info\/","title":{"rendered":"Skabelon info"},"content":{"rendered":"<p>[vc_row row_type=&#8221;row&#8221; use_row_as_full_screen_section=&#8221;no&#8221; type=&#8221;full_width&#8221; angled_section=&#8221;no&#8221; text_align=&#8221;left&#8221; background_image_as_pattern=&#8221;without_pattern&#8221; css_animation=&#8221;&#8221;][vc_column][vc_column_text]Kategorierne CD, DVD og Blu-ray er blot et udtryk for st\u00f8rrelsen p\u00e5 produktet og ikke for hvad emballagen kan indeholde. \u00d8nsker du eksempelvis en Blu-ray disk pakket i en CD digipak eller en CD pakket i en DVD boks s\u00e5 er der ikke noget til hinder for det.<\/p>\n<p>&nbsp;<\/p>\n<p>Ved hvert produkt har vi samlet en lille pakke til download med:<\/p>\n<ul>\n<li><strong>Pdf specifikation<\/strong>. Denne ligger i 100% og kan derfor godt bruges i eksempelvis illustrator som skabelon.<\/li>\n<li><strong>Indesign skabelon<\/strong>.<\/li>\n<\/ul>\n<p>Husk altid at se p\u00e5 specifikationen, der kan v\u00e6re vigtige oplysninger om hvordan artworket skal udarbejdes.<\/p>\n<p>&nbsp;<\/p>\n<p>Vores udvalg af skableoner er stort, og det vi viser her er blot et udpluk \u2013 s\u00e5 sp\u00f8rg endelig hvis du ikke finder hvad du s\u00f8ger.[\/vc_column_text][\/vc_column][\/vc_row]<\/p>\n","protected":false},"excerpt":{"rendered":"<p>[vc_row row_type=&#8221;row&#8221; use_row_as_full_screen_section=&#8221;no&#8221; type=&#8221;full_width&#8221; angled_section=&#8221;no&#8221; text_align=&#8221;left&#8221; background_image_as_pattern=&#8221;without_pattern&#8221; css_animation=&#8221;&#8221;][vc_column][vc_column_text]Kategorierne CD, DVD og Blu-ray er blot et udtryk for st\u00f8rrelsen p\u00e5 produktet og ikke for hvad emballagen kan indeholde. \u00d8nsker du eksempelvis en Blu-ray disk pakket i en CD digipak eller en CD pakket i en DVD&#8230;<\/p>\n","protected":false},"author":17,"featured_media":0,"parent":15623,"menu_order":0,"comment_status":"closed","ping_status":"closed","template":"","meta":{"footnotes":""},"class_list":["post-16625","page","type-page","status-publish","hentry"],"_links":{"self":[{"href":"https:\/\/dicentia.dk\/da\/wp-json\/wp\/v2\/pages\/16625","targetHints":{"allow":["GET"]}}],"collection":[{"href":"https:\/\/dicentia.dk\/da\/wp-json\/wp\/v2\/pages"}],"about":[{"href":"https:\/\/dicentia.dk\/da\/wp-json\/wp\/v2\/types\/page"}],"author":[{"embeddable":true,"href":"https:\/\/dicentia.dk\/da\/wp-json\/wp\/v2\/users\/17"}],"replies":[{"embeddable":true,"href":"https:\/\/dicentia.dk\/da\/wp-json\/wp\/v2\/comments?post=16625"}],"version-history":[{"count":0,"href":"https:\/\/dicentia.dk\/da\/wp-json\/wp\/v2\/pages\/16625\/revisions"}],"up":[{"embeddable":true,"href":"https:\/\/dicentia.dk\/da\/wp-json\/wp\/v2\/pages\/15623"}],"wp:attachment":[{"href":"https:\/\/dicentia.dk\/da\/wp-json\/wp\/v2\/media?parent=16625"}],"curies":[{"name":"wp","href":"https:\/\/api.w.org\/{rel}","templated":true}]}}