{"id":15871,"date":"2016-07-14T10:20:42","date_gmt":"2016-07-14T08:20:42","guid":{"rendered":"http:\/\/dicentia.dk\/?page_id=15871"},"modified":"2018-04-18T11:44:34","modified_gmt":"2018-04-18T09:44:34","slug":"upload-af-master","status":"publish","type":"page","link":"https:\/\/dicentia.dk\/da\/upload-af-master\/","title":{"rendered":"Upload af master"},"content":{"rendered":"<p>[vc_row css_animation=&#8221;&#8221; row_type=&#8221;row&#8221; use_row_as_full_screen_section=&#8221;no&#8221; type=&#8221;full_width&#8221; angled_section=&#8221;no&#8221; text_align=&#8221;left&#8221; background_image_as_pattern=&#8221;without_pattern&#8221;][vc_column][vc_column_text]<\/p>\n<h3>Upload af master<\/h3>\n<p>&nbsp;<\/p>\n<h4>F\u00f8r upload:<\/h4>\n<p>Det er vigtigt du har gennemlyttet eller gennemset din master og at den er pr\u00e6cis som den skal v\u00e6re. Det du leverer p\u00e5 din master er nemlig pr\u00e6cis det der kommer ud p\u00e5 de f\u00e6rdige disc \u2013 vi \u00e6ndrer ikke p\u00e5 noget.<\/p>\n<p>Har du behov for assistance til at f\u00e5 tilf\u00f8jet ISRC koder, konverteret filer, lave ops\u00e6tning af menuer mm., kan vores studie med fordel v\u00e6re behj\u00e6lpelig. Tag fat i din kontaktperson for at f\u00e5 et tilbud.<\/p>\n<p>N\u00e5r du skal uploade din master, skal den v\u00e6re helt produktionsklar og i formatet DDP Image*. Master skal uploades i en folder, der skal indeholde DDP Image og en checksum. Checksum er obligatorisk og grundlag for at kunne sende master til produktion samt en garanti for, at alt data er med.<\/p>\n<p>Dit materiale skal pakkes\/zippes (filnavn.zip).<br \/>\nNavngiv din fil\/mappe med kundenummer eller en titel, alt efter hvad du har aftalt med din kontaktperson hos Dicentia.<\/p>\n<p>Se detaljer for masterupload i pdf&#8217;en: <a href=\"http:\/\/dicentia.dk\/wp-content\/uploads\/Dicentia_Masterupload.pdf\" target=\"_blank\" rel=\"noopener\">Dicentia_Masterupload.pdf<\/a><\/p>\n<p>F\u00f8r du kan uploade data kr\u00e6ves f\u00f8lgende: &#8211; navn p\u00e5 konto til upload, bed om login og password fra din kontaktperson hos Dicentia.<\/p>\n<p>&nbsp;<\/p>\n<h4>Upload:<\/h4>\n<p>G\u00e5 ind p\u00e5: ftp:\/\/master.dicentia.dk og tast det login og password du har f\u00e5et af din kontaktperson hos Dicentia.<\/p>\n<p>&nbsp;<\/p>\n<h4>Efter upload:<\/h4>\n<p>N\u00e5r master er uploadet til vores FTP, s\u00e5 giv din kontaktperson besked med angivelse af filnavn. Vi f\u00e5r ikke automatisk besked om upload, s\u00e5 det er vigtigt at give besked n\u00e5r materialet er uploadet.<\/p>\n<p>*DDP Image (Disc Description Protocol). Det kr\u00e6ver et program for at kunne lave DDP Image, eksempelvis Gear Pro Mastering.<\/p>\n<p>&nbsp;<\/p>\n<h4>Specielt for vinyl masters:<\/h4>\n<p>Filtyperne .wav og .aiff kan bruges.<\/p>\n<p>En samplingfrekvens op til 192 kHz kan bruges med op til 24 bit\/32 bit floating point opl\u00f8sning.<\/p>\n<p>Indenfor disse begr\u00e6nsninger anbefaler vi p\u00e5 det kraftigste, at bibeholde den samplingfrekvens og opl\u00f8sning som er valgt til produktion og mastering, n\u00e5r masteren skabes.<\/p>\n<p>Vi kan ogs\u00e5\u00a0processere DDP (Disc Description protocol) 2.0 fils\u00e6t.<\/p>\n<p>Hvis muligt, s\u00e5 lav en separat fil for hver del; den komplette master kan derefter afleveres i en mappe og\/eller en pakke som fx en ZIP-fil.<\/p>\n<p>Komprimeret data, som fx MP3, er ikke velegnet og lyd\u00e6ndringer afstedkommet af dette er kundens ansvar.<\/p>\n<p>Filnavnene skal have en klar sammenh\u00e6ng med r\u00e6kkef\u00f8lgen p\u00e5 de dele som ligger p\u00e5 disken og skal stemme overens med de informationer, som findes i ordren.<\/p>\n<p>Yderligere bedes De vedl\u00e6gge en liste med lydspor, hvor de specificerer l\u00e6ngden p\u00e5 pauserne mellem delene, eller om delene skal f\u00f8lge hinanden uden pauser.[\/vc_column_text][\/vc_column][\/vc_row][vc_row css_animation=&#8221;&#8221; row_type=&#8221;row&#8221; use_row_as_full_screen_section=&#8221;no&#8221; type=&#8221;full_width&#8221; angled_section=&#8221;no&#8221; text_align=&#8221;left&#8221; background_image_as_pattern=&#8221;without_pattern&#8221;][vc_column][vc_column_text][\/vc_column_text][\/vc_column][\/vc_row]<\/p>\n","protected":false},"excerpt":{"rendered":"<p>[vc_row css_animation=&#8221;&#8221; row_type=&#8221;row&#8221; use_row_as_full_screen_section=&#8221;no&#8221; type=&#8221;full_width&#8221; angled_section=&#8221;no&#8221; text_align=&#8221;left&#8221; background_image_as_pattern=&#8221;without_pattern&#8221;][vc_column][vc_column_text] Upload af master &nbsp; F\u00f8r upload: Det er vigtigt du har gennemlyttet eller gennemset din master og at den er pr\u00e6cis som den skal v\u00e6re. Det du leverer p\u00e5 din master er nemlig pr\u00e6cis det der kommer&#8230;<\/p>\n","protected":false},"author":14,"featured_media":0,"parent":0,"menu_order":0,"comment_status":"closed","ping_status":"closed","template":"","meta":{"footnotes":""},"class_list":["post-15871","page","type-page","status-publish","hentry"],"_links":{"self":[{"href":"https:\/\/dicentia.dk\/da\/wp-json\/wp\/v2\/pages\/15871","targetHints":{"allow":["GET"]}}],"collection":[{"href":"https:\/\/dicentia.dk\/da\/wp-json\/wp\/v2\/pages"}],"about":[{"href":"https:\/\/dicentia.dk\/da\/wp-json\/wp\/v2\/types\/page"}],"author":[{"embeddable":true,"href":"https:\/\/dicentia.dk\/da\/wp-json\/wp\/v2\/users\/14"}],"replies":[{"embeddable":true,"href":"https:\/\/dicentia.dk\/da\/wp-json\/wp\/v2\/comments?post=15871"}],"version-history":[{"count":0,"href":"https:\/\/dicentia.dk\/da\/wp-json\/wp\/v2\/pages\/15871\/revisions"}],"wp:attachment":[{"href":"https:\/\/dicentia.dk\/da\/wp-json\/wp\/v2\/media?parent=15871"}],"curies":[{"name":"wp","href":"https:\/\/api.w.org\/{rel}","templated":true}]}}