{"id":15869,"date":"2016-07-14T10:10:20","date_gmt":"2016-07-14T08:10:20","guid":{"rendered":"http:\/\/dicentia.dk\/?page_id=15869"},"modified":"2017-02-22T14:39:59","modified_gmt":"2017-02-22T13:39:59","slug":"upload-af-artwork","status":"publish","type":"page","link":"https:\/\/dicentia.dk\/da\/upload-af-artwork\/","title":{"rendered":"Upload af artwork"},"content":{"rendered":"<h3>Upload af artwork<\/h3>\n<p>&nbsp;<\/p>\n<h4>F\u00f8r upload:<\/h4>\n<p>Dit materiale skal pakkes\/zippes (filnavn.zip eller filnavn.sit). Navngiv din fil\/mappe med kundenr. eller en titel aftalt med din kontaktperson hos Dicentia.<\/p>\n<p>&nbsp;<\/p>\n<h4>Upload:<\/h4>\n<p>G\u00e5 ind p\u00e5: ftp:\/\/ftp.dicentia.dk og tast login og password som beskrevet nedenfor.<\/p>\n<p>&nbsp;<\/p>\n<p id=\"kontodetaljer\">Kontodetaljer:<br \/>\nBrugernavn: kunde<br \/>\nAdgangskode: nac1Ahxa<\/p>\n<p>&nbsp;<\/p>\n<h4>Efter upload:<\/h4>\n<p>Efter upload skal du sende en e-mail til din kontaktperson i kundeservice indeholdende det p\u00e5kr\u00e6vede metadata med detaljer om din overf\u00f8rsel.<br \/>\n<strong>NB!<\/strong> Det er obligatorisk at du oplyser os om alt data overf\u00f8rt til vores server. Ikke adviseret data kan blive fjernet!<\/p>\n","protected":false},"excerpt":{"rendered":"<p>Upload af artwork &nbsp; F\u00f8r upload: Dit materiale skal pakkes\/zippes (filnavn.zip eller filnavn.sit). Navngiv din fil\/mappe med kundenr. eller en titel aftalt med din kontaktperson hos Dicentia. &nbsp; Upload: G\u00e5 ind p\u00e5: ftp:\/\/ftp.dicentia.dk og tast login og password som beskrevet nedenfor. &nbsp; Kontodetaljer: Brugernavn: kunde&#8230;<\/p>\n","protected":false},"author":14,"featured_media":0,"parent":0,"menu_order":0,"comment_status":"closed","ping_status":"closed","template":"","meta":{"footnotes":""},"class_list":["post-15869","page","type-page","status-publish","hentry"],"_links":{"self":[{"href":"https:\/\/dicentia.dk\/da\/wp-json\/wp\/v2\/pages\/15869","targetHints":{"allow":["GET"]}}],"collection":[{"href":"https:\/\/dicentia.dk\/da\/wp-json\/wp\/v2\/pages"}],"about":[{"href":"https:\/\/dicentia.dk\/da\/wp-json\/wp\/v2\/types\/page"}],"author":[{"embeddable":true,"href":"https:\/\/dicentia.dk\/da\/wp-json\/wp\/v2\/users\/14"}],"replies":[{"embeddable":true,"href":"https:\/\/dicentia.dk\/da\/wp-json\/wp\/v2\/comments?post=15869"}],"version-history":[{"count":0,"href":"https:\/\/dicentia.dk\/da\/wp-json\/wp\/v2\/pages\/15869\/revisions"}],"wp:attachment":[{"href":"https:\/\/dicentia.dk\/da\/wp-json\/wp\/v2\/media?parent=15869"}],"curies":[{"name":"wp","href":"https:\/\/api.w.org\/{rel}","templated":true}]}}