{"id":15835,"date":"2016-06-24T11:50:30","date_gmt":"2016-06-24T09:50:30","guid":{"rendered":"http:\/\/dkdicentia.wpengine.com\/?page_id=15835"},"modified":"2019-08-15T09:18:25","modified_gmt":"2019-08-15T07:18:25","slug":"angaaende-artwork","status":"publish","type":"page","link":"https:\/\/dicentia.dk\/da\/skabeloner\/angaaende-artwork\/","title":{"rendered":"Ang\u00e5ende artwork"},"content":{"rendered":"<p>[vc_row css_animation=&#8221;&#8221; row_type=&#8221;row&#8221; use_row_as_full_screen_section=&#8221;no&#8221; type=&#8221;full_width&#8221; angled_section=&#8221;no&#8221; text_align=&#8221;left&#8221; background_image_as_pattern=&#8221;without_pattern&#8221;][vc_column][vc_row_inner row_type=&#8221;row&#8221; type=&#8221;full_width&#8221; text_align=&#8221;left&#8221; css_animation=&#8221;&#8221;][vc_column_inner][vc_single_image image=&#8221;15839&#8243; img_size=&#8221;full&#8221; qode_css_animation=&#8221;&#8221;][\/vc_column_inner][\/vc_row_inner][\/vc_column][\/vc_row][vc_row css_animation=&#8221;&#8221; row_type=&#8221;row&#8221; use_row_as_full_screen_section=&#8221;no&#8221; type=&#8221;full_width&#8221; angled_section=&#8221;no&#8221; text_align=&#8221;left&#8221; background_image_as_pattern=&#8221;without_pattern&#8221;][vc_column][vc_separator type=&#8221;transparent&#8221; thickness=&#8221;22&#8243;][vc_column_text]<\/p>\n<h4>F\u00f8r du g\u00e5r i gang<\/h4>\n<p>V\u00e6lg det produkt du \u00f8nsker. Du kan evt s\u00f8ge inspiration <span style=\"text-decoration: underline;\"><a href=\"http:\/\/dicentia.dk\/skabeloner\/\">her<\/a><\/span>, eller ringe til os. N\u00e5r du har fundet ud af hvilket produkt du \u00f8nsker, s\u00e5 s\u00f8rg altid for at indhente den korrekte specifikation\/skabelon.<\/p>\n<p>&nbsp;<\/p>\n<h4>Indstil dit program korrekt<\/h4>\n<p>Uanset hvilket program du v\u00e6lger at udarbejde dit artwork i, er der et par ting der er gode at f\u00e5 indstillet korrekt inden du g\u00e5r i gang:<\/p>\n<ul>\n<li>Farverummet skal v\u00e6re CMYK.<\/li>\n<li>Profilen skal som udgangspunkt v\u00e6re sat til FOGRA51 (PSO_Coated_V3.icc), eller alternativt v\u00e6re sl\u00e5et fra.\n<ul>\n<li>Ved uncoated papir skal du bruge\u00a0FOGRA52 (PSO_Uncoated_V3.icc)<\/li>\n<li>Har du problemer med h\u00f8je trykv\u00e6rdier anbefaler vi at du bruger\u00a0ISOcoated_v2_300_GCR60.icc<\/li>\n<\/ul>\n<\/li>\n<li>Opl\u00f8sningen p\u00e5 dokumentet skal v\u00e6re 300 dpi.<\/li>\n<li>Dokumentet skal have 3 mm besk\u00e6ring, med mindre andet er foreskrevet i specifikationen.\n<ul>\n<li>Er du i tvivl omkring besk\u00e6ring s\u00e5 se denne <span style=\"text-decoration: underline;\"><a href=\"\/media\/artworkBleedGuide.pdf\" target=\"_blank\" rel=\"noopener noreferrer\">pdf<\/a><\/span> for vejledning.<\/li>\n<\/ul>\n<\/li>\n<\/ul>\n<p>&nbsp;<\/p>\n<h4>Det skal du holde \u00f8je med<\/h4>\n<p>N\u00e5r du er i gang med at udarbejde dit artwork, er det en god id\u00e9 at holde \u00f8je med, at de forskellige elementer overholder f\u00f8lgende:<\/p>\n<p>&nbsp;<\/p>\n<ul>\n<li>Forskellige typer af produktioner kr\u00e6ver forskellige former for logoer. Har du en musik cd, skal der f.eks v\u00e6re ncb logo p\u00e5 label.<\/li>\n<li>Inds\u00e6tter du billeder, s\u00e5 s\u00f8rg for at de er i min. 300 dpi.\n<ul>\n<li>V\u00e6r opm\u00e6rksom p\u00e5 at dpi&#8217;en \u00e6ndrer sig, hvis du skalerer billedet i programmet.<\/li>\n<\/ul>\n<\/li>\n<li>Hvis st\u00f8rre omr\u00e5der \u00f8nskes helt sorte, anbefaler vi at benytte en firefarve sort, da en ren sort vil g\u00e5 hen og fremst\u00e5 gr\u00e5lig.\n<ul>\n<li>For tryksager: C:40\u00a0\u2013 M:30\u00a0\u2013 Y:30 \u2013 K:100<\/li>\n<li>For labels: C:60\u00a0\u2013 M:40\u00a0\u2013 Y:40\u00a0\u2013 K:100<\/li>\n<\/ul>\n<\/li>\n<li>Gr\u00e5toner i firefarver cmyk skal s\u00e6ttes s\u00e5dan sammen, at den sorte farve v\u00e6gter mest.\n<ul>\n<li>Er den firefarvede gr\u00e5tone sat anderledes sammen, kan den gr\u00e5 farve ende med at f\u00e5 et farvestik.<\/li>\n<li>Vi anbefaler at bruge profilen ISO Coated v2 300% GCR60, n\u00e5r et sorthvid billede konverteres fra rgb til cmyk<\/li>\n<\/ul>\n<\/li>\n<li>Hold informativt materiale, som fx tekst og logoer i en afstand af 3 mm fra sk\u00e6rekanten.<\/li>\n<li>Tekst og logoer er i vektor.\n<ul>\n<li>Disse elementer kan sagtens trykkes som bitmap elementer, men det vil give det flotteste resultat hvis de ligger som vektor.<\/li>\n<\/ul>\n<\/li>\n<li>Sort tekst, logoer og stregkode b\u00f8r ligge i 1 farve sort (C:0\u00a0\u2013 M:0\u00a0\u2013 Y:0\u00a0\u2013 K:100), og overprint skal v\u00e6re sl\u00e5et til. Overprint v\u00e6rkt\u00f8jet finder du typisk i fanen &#8220;Attributes&#8221;.<\/li>\n<li>Skriftst\u00f8rrelsen b\u00f8r ikke v\u00e6re mindre end 6 pt.<\/li>\n<li>Ved negativ tekst skal du s\u00f8rge for at v\u00e6lge en font med rimelig tykkelse, s\u00f8rg for at fonten ikke har dele der er mindre end 0,18 mm. Bliver fonten for tynd, kan den blive meget gnidret at se p\u00e5, eller i v\u00e6rste fald blive helt ul\u00e6selig.<\/li>\n<li>Streger skal holdes p\u00e5 minimum 0,1 mm, negative streger p\u00e5 minimum 0,18 mm.<\/li>\n<li>Stregkode skal minimum v\u00e6re 30 mm bred, inklusiv 2 mm fri luft f\u00f8r og efter stregerne, og de korteste streger skal min. v\u00e6re 5 mm h\u00f8je.<\/li>\n<\/ul>\n<p>&nbsp;<\/p>\n<h4>Til slut<\/h4>\n<p>Tjek dit dokument igennem inden du sender det til os.<\/p>\n<ul>\n<li>Er billederne i h\u00f8j opl\u00f8sning?<\/li>\n<li>Er besk\u00e6ringen kommet med?<\/li>\n<li>Er der trykflader med for h\u00f8j samlet tryv\u00e6rdi?\n<ul>\n<li>St\u00f8rre trykflader m\u00e5 ikke have en samlet trykv\u00e6rdier p\u00e5 over 330%.<\/li>\n<li>Er der negativ tekst ovenp\u00e5 s\u00e5 er vores anbefaling at den ikke overstiger 300%.<\/li>\n<\/ul>\n<\/li>\n<\/ul>\n<p>[\/vc_column_text][\/vc_column][\/vc_row][vc_row css_animation=&#8221;&#8221; row_type=&#8221;row&#8221; use_row_as_full_screen_section=&#8221;no&#8221; type=&#8221;full_width&#8221; angled_section=&#8221;no&#8221; text_align=&#8221;left&#8221; background_image_as_pattern=&#8221;without_pattern&#8221;][vc_column][vc_separator type=&#8221;transparent&#8221; up=&#8221;40&#8243;][\/vc_column][\/vc_row]<\/p>\n","protected":false},"excerpt":{"rendered":"<p>[vc_row css_animation=&#8221;&#8221; row_type=&#8221;row&#8221; use_row_as_full_screen_section=&#8221;no&#8221; type=&#8221;full_width&#8221; angled_section=&#8221;no&#8221; text_align=&#8221;left&#8221; background_image_as_pattern=&#8221;without_pattern&#8221;][vc_column][vc_row_inner row_type=&#8221;row&#8221; type=&#8221;full_width&#8221; text_align=&#8221;left&#8221; css_animation=&#8221;&#8221;][vc_column_inner][vc_single_image image=&#8221;15839&#8243; img_size=&#8221;full&#8221; qode_css_animation=&#8221;&#8221;][\/vc_column_inner][\/vc_row_inner][\/vc_column][\/vc_row][vc_row css_animation=&#8221;&#8221; row_type=&#8221;row&#8221; use_row_as_full_screen_section=&#8221;no&#8221; type=&#8221;full_width&#8221; angled_section=&#8221;no&#8221; text_align=&#8221;left&#8221; background_image_as_pattern=&#8221;without_pattern&#8221;][vc_column][vc_separator type=&#8221;transparent&#8221; thickness=&#8221;22&#8243;][vc_column_text] F\u00f8r du g\u00e5r i gang V\u00e6lg det produkt du \u00f8nsker. Du kan evt s\u00f8ge inspiration her, eller ringe til os. N\u00e5r&#8230;<\/p>\n","protected":false},"author":17,"featured_media":0,"parent":15623,"menu_order":0,"comment_status":"closed","ping_status":"closed","template":"","meta":{"footnotes":""},"class_list":["post-15835","page","type-page","status-publish","hentry"],"_links":{"self":[{"href":"https:\/\/dicentia.dk\/da\/wp-json\/wp\/v2\/pages\/15835","targetHints":{"allow":["GET"]}}],"collection":[{"href":"https:\/\/dicentia.dk\/da\/wp-json\/wp\/v2\/pages"}],"about":[{"href":"https:\/\/dicentia.dk\/da\/wp-json\/wp\/v2\/types\/page"}],"author":[{"embeddable":true,"href":"https:\/\/dicentia.dk\/da\/wp-json\/wp\/v2\/users\/17"}],"replies":[{"embeddable":true,"href":"https:\/\/dicentia.dk\/da\/wp-json\/wp\/v2\/comments?post=15835"}],"version-history":[{"count":0,"href":"https:\/\/dicentia.dk\/da\/wp-json\/wp\/v2\/pages\/15835\/revisions"}],"up":[{"embeddable":true,"href":"https:\/\/dicentia.dk\/da\/wp-json\/wp\/v2\/pages\/15623"}],"wp:attachment":[{"href":"https:\/\/dicentia.dk\/da\/wp-json\/wp\/v2\/media?parent=15835"}],"curies":[{"name":"wp","href":"https:\/\/api.w.org\/{rel}","templated":true}]}}